{"id":5262,"date":"2018-01-24T09:38:13","date_gmt":"2018-01-24T09:38:13","guid":{"rendered":"http:\/\/horse.themestek.com\/?page_id=5"},"modified":"2026-03-26T23:30:18","modified_gmt":"2026-03-26T23:30:18","slug":"homepage-1","status":"publish","type":"page","link":"https:\/\/pryzmatoptyk.pl\/","title":{"rendered":"PRYZMAT &#8211; strona domowa"},"content":{"rendered":"<section class=\"wpb-content-wrapper\"><p>[vc_row ts_bgcolor=&#8221;grey&#8221; full_width=&#8221;stretch_row&#8221; css=&#8221;.vc_custom_1524308732616{padding-top: 0px !important;padding-bottom: 30px !important;}&#8221;][vc_column][vc_row_inner ts_bgcolor=&#8221;white&#8221; equal_height=&#8221;yes&#8221; el_class=&#8221;box-shadow-2 ts-no-gutter ts-box-seprator&#8221; css=&#8221;.vc_custom_1529068966778{margin-top: -58px !important;}&#8221; ts_responsive_css=&#8221;17234251|colbreak_no|||||||||colbreak_no|||||||||colbreak_no|0|||||||||colbreak_no|||||||||&#8221;][vc_column_inner width=&#8221;1\/4&#8243;]\r\n<div class=\"ts-servicebox ts-servicebox-style-1 ts-sbox-style-1 ts-sbox-itype-icon ts-sbox-hoverstyle-1\">\r\n\r\n\t<div class=\"ts-sbox-icon ts-large-icon ts-icon-skincolor\">\r\n\t\t<div class=\"ts-sbox-icon-wrapper\"><i class=\"tsoptmicon flaticon-woman\"><\/i><\/div>\t<\/div>\r\n\r\n\t<div class=\"ts-sbox-contents\">\r\n\t\t<div class=\"ts-vc_general ts-vc_cta3 ts-cta3-only ts-vc_cta3-style-classic ts-vc_cta3-shape-rounded ts-vc_cta3-align-left ts-vc_cta3-color-transparent ts-vc_cta3-icon-size-md ts-vc_cta3-actions-no ts-cta3-with-desc\"><div class=\"ts-vc_cta3_content-container\"><div class=\"ts-vc_cta3-content\"><div class=\"ts-vc_cta3-content-header ts-wrap\"><div class=\"ts-vc_cta3-headers ts-wrap-cell\"><h2 class=\"ts-custom-heading \">Komfort, na kt\u00f3ry zas\u0142uguj\u0105 Twoje oczy<\/h2>\n<\/div><\/div><div class=\"ts-cta3-content-wrapper\"><p>Gwarantujemy pe\u0142n\u0105 opiek\u0119 na ka\u017cdym kroku. Nasz personel zadba o to, aby Twoje nowe okulary by\u0142y synonimem wygody i wyj\u0105tkowego stylu.<\/p><\/div><\/div><\/div><\/div>\t<\/div><!-- .ts-sbox-contents -->\r\n\r\n<\/div>\r\n\r\n[\/vc_column_inner][vc_column_inner width=&#8221;1\/4&#8243;]\r\n<div class=\"ts-servicebox ts-servicebox-style-1 ts-sbox-style-1 ts-sbox-itype-icon ts-sbox-hoverstyle-1\">\r\n\r\n\t<div class=\"ts-sbox-icon ts-large-icon ts-icon-skincolor\">\r\n\t\t<div class=\"ts-sbox-icon-wrapper\"><i class=\"tsoptmicon flaticon-testing-glasses\"><\/i><\/div>\t<\/div>\r\n\r\n\t<div class=\"ts-sbox-contents\">\r\n\t\t<div class=\"ts-vc_general ts-vc_cta3 ts-cta3-only ts-vc_cta3-style-classic ts-vc_cta3-shape-rounded ts-vc_cta3-align-left ts-vc_cta3-color-transparent ts-vc_cta3-icon-size-md ts-vc_cta3-actions-no ts-cta3-with-desc\"><div class=\"ts-vc_cta3_content-container\"><div class=\"ts-vc_cta3-content\"><div class=\"ts-vc_cta3-content-header ts-wrap\"><div class=\"ts-vc_cta3-headers ts-wrap-cell\"><h2 class=\"ts-custom-heading \">Profesjonalne badanie wzroku<\/h2>\n<\/div><\/div><div class=\"ts-cta3-content-wrapper\"><p>Tw\u00f3j wzrok w r\u0119kach do\u015bwiadczonego optometrysty. Dzi\u0119ki najnowszym metodom pomiarowym i specjalistycznemu sprz\u0119towi diagnostycznemu, gwarantujemy perfekcyjny dob\u00f3r korekcji okularowej.<\/p><\/div><\/div><\/div><\/div>\t<\/div><!-- .ts-sbox-contents -->\r\n\r\n<\/div>\r\n\r\n[\/vc_column_inner][vc_column_inner width=&#8221;1\/4&#8243;]\r\n<div class=\"ts-servicebox ts-servicebox-style-1 ts-sbox-style-1 ts-sbox-itype-icon ts-sbox-hoverstyle-1\">\r\n\r\n\t<div class=\"ts-sbox-icon ts-large-icon ts-icon-skincolor\">\r\n\t\t<div class=\"ts-sbox-icon-wrapper\"><i class=\"tsoptmicon flaticon-glasses\"><\/i><\/div>\t<\/div>\r\n\r\n\t<div class=\"ts-sbox-contents\">\r\n\t\t<div class=\"ts-vc_general ts-vc_cta3 ts-cta3-only ts-vc_cta3-style-classic ts-vc_cta3-shape-rounded ts-vc_cta3-align-left ts-vc_cta3-color-transparent ts-vc_cta3-icon-size-md ts-vc_cta3-actions-no ts-cta3-with-desc\"><div class=\"ts-vc_cta3_content-container\"><div class=\"ts-vc_cta3-content\"><div class=\"ts-vc_cta3-content-header ts-wrap\"><div class=\"ts-vc_cta3-headers ts-wrap-cell\"><h2 class=\"ts-custom-heading \">Design, kt\u00f3ry podkre\u015bli Twoj\u0105 osobowo\u015b\u0107<\/h2>\n<\/div><\/div><div class=\"ts-cta3-content-wrapper\"><p>Odkryj starannie wyselekcjonowane, markowe modele. Niezale\u017cnie od tego, czy potrzebujesz klasycznych okular\u00f3w korekcyjnych, nowoczesnych szkie\u0142 progresywnych czy stylowej ochrony przeciws\u0142onecznej \u2013 mamy oprawy, w kt\u00f3rych poczujesz si\u0119 doskonale.<\/p><\/div><\/div><\/div><\/div>\t<\/div><!-- .ts-sbox-contents -->\r\n\r\n<\/div>\r\n\r\n[\/vc_column_inner][vc_column_inner width=&#8221;1\/4&#8243;]\r\n<div class=\"ts-servicebox ts-servicebox-style-1 ts-sbox-style-1 ts-sbox-itype-icon ts-sbox-hoverstyle-1\">\r\n\r\n\t<div class=\"ts-sbox-icon ts-large-icon ts-icon-skincolor\">\r\n\t\t<div class=\"ts-sbox-icon-wrapper\"><i class=\"tsoptmicon flaticon-contact-lens-3\"><\/i><\/div>\t<\/div>\r\n\r\n\t<div class=\"ts-sbox-contents\">\r\n\t\t<div class=\"ts-vc_general ts-vc_cta3 ts-cta3-only ts-vc_cta3-style-classic ts-vc_cta3-shape-rounded ts-vc_cta3-align-left ts-vc_cta3-color-transparent ts-vc_cta3-icon-size-md ts-vc_cta3-actions-no ts-cta3-with-desc\"><div class=\"ts-vc_cta3_content-container\"><div class=\"ts-vc_cta3-content\"><div class=\"ts-vc_cta3-content-header ts-wrap\"><div class=\"ts-vc_cta3-headers ts-wrap-cell\"><h2 class=\"ts-custom-heading \">Detale, kt\u00f3re robi\u0105 r\u00f3\u017cnic\u0119<\/h2>\n<\/div><\/div><div class=\"ts-cta3-content-wrapper\"><p>Nasz\u0105 szerok\u0105 gam\u0119 produkt\u00f3w uzupe\u0142niaj\u0105 najwy\u017cszej jako\u015bci soczewki kontaktowe, a tak\u017ce pe\u0142en wyb\u00f3r akcesori\u00f3w. Znajdziesz u nas wszystko, co niezb\u0119dne do prawid\u0142owej piel\u0119gnacji okular\u00f3w oraz bezpiecznego i komfortowego noszenia szkie\u0142 kontaktowych.<\/p><\/div><\/div><\/div><\/div>\t<\/div><!-- .ts-sbox-contents -->\r\n\r\n<\/div>\r\n\r\n[\/vc_column_inner][\/vc_row_inner][\/vc_column][\/vc_row][vc_row ts_responsive_css=&#8221;24662535|colbreak_no|||||50px||||colbreak_no|||||||||colbreak_no||||||||||colbreak_no|||||||||&#8221;][vc_column]<div class=\"ts-fid inside ts-fid-boxstyle-with-icon ts-fidbox-style-4\">\r\n\t<div class=\"ts-fld-contents\">\r\n\t<div class=\"ts-sbox-icon-wrapper\"><i class=\"tsoptmicon flaticon-optometrist-13\"><\/i><\/div>\t\t<h3 class=\"ts-fid-inner\">\t\t\r\n\t\t\t\t\t\t<span\r\n\t\t\t\tdata-appear-animation = \"animateDigits\"\r\n\t\t\t\tdata-from             = \"0\"\r\n\t\t\t\tdata-to               = \"25\"\r\n\t\t\t\tdata-interval         = \"1\"\r\n\t\t\t\t>\r\n\t\t\t\t\t25\t\t\t<\/span>\r\n\t\t\t<sub>lat do\u015bwiadczenia<\/sub>\t\t<\/h3>\r\n\t\t<h6 class=\"ts-fid-title\"><span>nieprzerwanie od 2001 roku<br><\/span><\/h6>\r\n\t<\/div><!-- .ts-fld-contents -->\r\n<\/div>\r\n\r\n<ul class=\"ts-list ts-list-style-icon ts-list-icon-color-skincolor ts- ts-icon-skincolor ts-list-textsize-xlarge ts-list-icon-library-tsoptmicon\"><li><i class=\"ts-skincolor tsoptmicon flaticon-glasses\"><\/i>  <span class=\"ts-list-li-content\">inwestujemy w technologie, dzi\u0119ki kt\u00f3rym badanie wzroku jest niezwykle precyzyjne, szybkie i komfortowe<\/span><\/li><li><i class=\"ts-skincolor tsoptmicon flaticon-glasses\"><\/i>  <span class=\"ts-list-li-content\">\u0142\u0105czymy trosk\u0119 o zdrowie z doskona\u0142ym stylem, oferuj\u0105c produkty najwy\u017cszej jako\u015bci<\/span><\/li><\/ul>[\/vc_column][\/vc_row][vc_row el_id=&#8221;oferta&#8221;][vc_column]<div class=\"themestek-boxes themestek-boxes-static themestek-boxes-view-default themestek-boxes-col-three themestek-boxes-sortable- themestek-boxes-textalign-left themestek-boxes-sortablebutton-\">\r\n\t\t<div class=\"themestek-boxes-inner themestek-boxes-static-inner \"><div class=\"themestek-box-heading-wrapper ts-element-align-left\"><div class=\"ts-element-heading-wrapper ts-heading-inner ts-element-align-left ts-seperator-none \"><section class=\"ts-vc_cta3-container\"><div class=\"ts-vc_general ts-vc_cta3 ts-cta3-only ts-vc_cta3-style-classic ts-vc_cta3-shape-rounded ts-vc_cta3-align-left ts-vc_cta3-color-transparent ts-vc_cta3-icon-size-md ts-vc_cta3-actions-no ts-cta3-without-desc\"><div class=\"ts-vc_cta3_content-container\"><div class=\"ts-vc_cta3-content\"><div class=\"ts-vc_cta3-content-header ts-wrap\"><div class=\"ts-vc_cta3-headers ts-wrap-cell\"><h2 class=\"ts-custom-heading \" >Wsp\u00f3\u0142pracujemy tylko ze sprawdzonymi i renomowanymi producentami szkie\u0142 korekcyjnych, soczewek i opraw okularowych<\/h2>\n<\/div><\/div><\/div><\/div><\/div><\/section><\/div> <!-- .ts-element-heading-wrapper container --> <\/div> <!-- .ts-element-heading-wrapper container --> <div class=\"row multi-columns-row themestek-boxes-row-wrapper box-shadow-2\"><div class=\"ts-box-col-wrapper col-lg-4 col-sm-6 col-md-4 col-xs-12 \">\r\n\t\t\t\t\t\t<div class=\"themestek-static-box-wrapper themestek-boxes-feature-plans ts-hover-style-2 themestek-box\">\r\n\t\t\t\t\t\t\t<div class=\"themestek-static-box-image\"> \r\n\t\t\t\t\t\t\t\t\r\n\t\t\t\t\t\t\t<\/div>\r\n\t\t\t\t\t\t\t<div class=\"themestek-static-box-content\" >\r\n\t\t\t\t\t\t\t\t<div class=\"themestek-box-title\"><h4>Badanie wzroku<\/h4><\/div>\r\n\t\t\t\t\t\t\t\t<div class=\"themestek-static-box-desc\">Precyzyjna diagnoza optometryczna<\/div>\r\n\t\t\t\t\t\t\t<\/div>\r\n\t\t\t\t\t\t<\/div>\r\n\t\t\t\t\t\t<\/div><div class=\"ts-box-col-wrapper col-lg-4 col-sm-6 col-md-4 col-xs-12 \">\r\n\t\t\t\t\t\t<div class=\"themestek-static-box-wrapper themestek-boxes-feature-plans ts-hover-style-2 themestek-box\">\r\n\t\t\t\t\t\t\t<div class=\"themestek-static-box-image\"> \r\n\t\t\t\t\t\t\t\t\r\n\t\t\t\t\t\t\t<\/div>\r\n\t\t\t\t\t\t\t<div class=\"themestek-static-box-content\" >\r\n\t\t\t\t\t\t\t\t<div class=\"themestek-box-title\"><h4>Szk\u0142a korekcyjne najwy\u017cszej jako\u015bci<\/h4><\/div>\r\n\t\t\t\t\t\t\t\t<div class=\"themestek-static-box-desc\">Szk\u0142a jednoogniskowe i progresywne, precyzyjna korekcja astygmatyzmu, zaawansowane pow\u0142oki antyrefleksyjne, skuteczna ochrona przed \u015bwiat\u0142em niebieskim<\/div>\r\n\t\t\t\t\t\t\t<\/div>\r\n\t\t\t\t\t\t<\/div>\r\n\t\t\t\t\t\t<\/div><div class=\"ts-box-col-wrapper col-lg-4 col-sm-6 col-md-4 col-xs-12 \">\r\n\t\t\t\t\t\t<div class=\"themestek-static-box-wrapper themestek-boxes-feature-plans ts-hover-style-2 themestek-box\">\r\n\t\t\t\t\t\t\t<div class=\"themestek-static-box-image\"> \r\n\t\t\t\t\t\t\t\t\r\n\t\t\t\t\t\t\t<\/div>\r\n\t\t\t\t\t\t\t<div class=\"themestek-static-box-content\" >\r\n\t\t\t\t\t\t\t\t<div class=\"themestek-box-title\"><h4>Dob\u00f3r oprawek<\/h4><\/div>\r\n\t\t\t\t\t\t\t\t<div class=\"themestek-static-box-desc\">Szeroki wyb\u00f3r topowych marek i fachowe doradztwo<\/div>\r\n\t\t\t\t\t\t\t<\/div>\r\n\t\t\t\t\t\t<\/div>\r\n\t\t\t\t\t\t<\/div><div class=\"ts-box-col-wrapper col-lg-4 col-sm-6 col-md-4 col-xs-12 \">\r\n\t\t\t\t\t\t<div class=\"themestek-static-box-wrapper themestek-boxes-feature-plans ts-hover-style-2 themestek-box\">\r\n\t\t\t\t\t\t\t<div class=\"themestek-static-box-image\"> \r\n\t\t\t\t\t\t\t\t\r\n\t\t\t\t\t\t\t<\/div>\r\n\t\t\t\t\t\t\t<div class=\"themestek-static-box-content\" >\r\n\t\t\t\t\t\t\t\t<div class=\"themestek-box-title\"><h4>Soczewki kontaktowe<\/h4><\/div>\r\n\t\t\t\t\t\t\t\t<div class=\"themestek-static-box-desc\">Dob\u00f3r i nauka aplikacji dla pe\u0142nego komfortu<\/div>\r\n\t\t\t\t\t\t\t<\/div>\r\n\t\t\t\t\t\t<\/div>\r\n\t\t\t\t\t\t<\/div><div class=\"ts-box-col-wrapper col-lg-4 col-sm-6 col-md-4 col-xs-12 \">\r\n\t\t\t\t\t\t<div class=\"themestek-static-box-wrapper themestek-boxes-feature-plans ts-hover-style-2 themestek-box\">\r\n\t\t\t\t\t\t\t<div class=\"themestek-static-box-image\"> \r\n\t\t\t\t\t\t\t\t\r\n\t\t\t\t\t\t\t<\/div>\r\n\t\t\t\t\t\t\t<div class=\"themestek-static-box-content\" >\r\n\t\t\t\t\t\t\t\t<div class=\"themestek-box-title\"><h4>Okulary przeciws\u0142oneczne<\/h4><\/div>\r\n\t\t\t\t\t\t\t\t<div class=\"themestek-static-box-desc\">Ochrona UV w najlepszym stylu \u2013 tak\u017ce z korekcj\u0105<\/div>\r\n\t\t\t\t\t\t\t<\/div>\r\n\t\t\t\t\t\t<\/div>\r\n\t\t\t\t\t\t<\/div><div class=\"ts-box-col-wrapper col-lg-4 col-sm-6 col-md-4 col-xs-12 \">\r\n\t\t\t\t\t\t<div class=\"themestek-static-box-wrapper themestek-boxes-feature-plans ts-hover-style-2 themestek-box\">\r\n\t\t\t\t\t\t\t<div class=\"themestek-static-box-image\"> \r\n\t\t\t\t\t\t\t\t\r\n\t\t\t\t\t\t\t<\/div>\r\n\t\t\t\t\t\t\t<div class=\"themestek-static-box-content\" >\r\n\t\t\t\t\t\t\t\t<div class=\"themestek-box-title\"><h4>Akcesoria<\/h4><\/div>\r\n\t\t\t\t\t\t\t\t<div class=\"themestek-static-box-desc\">Akcesoria pozwalaj\u0105ce Ci zadba\u0107 o Twoje nowe okulary lub soczewki<\/div>\r\n\t\t\t\t\t\t\t<\/div>\r\n\t\t\t\t\t\t<\/div>\r\n\t\t\t\t\t\t<\/div><\/div><!-- .row multi-columns-row themestek-boxes-row-wrapper -->  <\/div><!-- .themestek-boxes-inner -->   <\/div><!-- .themestek-boxes -->  [\/vc_column][\/vc_row][vc_row ts_bgcolor=&#8221;white&#8221; full_width=&#8221;stretch_row&#8221; full_height=&#8221;yes&#8221; el_id=&#8221;badanie-wzroku&#8221; ts_responsive_css=&#8221;27634241|colbreak_no|||||50||||colbreak_no|||||||||colbreak_no||||||||||colbreak_no|||||||||&#8221;][vc_column width=&#8221;1\/4&#8243;]<div class=\"ts-single-image-wrapper ts_align_left \"><div class=\"ts-single-image-img-w\"><img decoding=\"async\" src=\"https:\/\/pryzmatoptyk.pl\/wp-content\/uploads\/2021\/08\/badanie-wzroku2.jpg\" class=\"ts-single-image-img\" alt=\"\" \/><\/div><\/div>[\/vc_column][vc_column width=&#8221;3\/4&#8243;]<div class=\"themestek-boxes themestek-boxes-static themestek-boxes-view-default themestek-boxes-col-five themestek-boxes-sortable- themestek-boxes-textalign-left themestek-boxes-sortablebutton-\">\r\n\t\t<div class=\"themestek-boxes-inner themestek-boxes-static-inner \"><div class=\"themestek-box-heading-wrapper ts-element-align-left\"><div class=\"ts-element-heading-wrapper ts-heading-inner ts-element-align-left ts-seperator-none \"><section class=\"ts-vc_cta3-container\"><div class=\"ts-vc_general ts-vc_cta3 ts-cta3-only ts-vc_cta3-style-classic ts-vc_cta3-shape-rounded ts-vc_cta3-align-left ts-vc_cta3-color-transparent ts-vc_cta3-icon-size-md ts-vc_cta3-actions-no ts-cta3-with-desc\"><div class=\"ts-vc_cta3_content-container\"><div class=\"ts-vc_cta3-content\"><div class=\"ts-vc_cta3-content-header ts-wrap\"><div class=\"ts-vc_cta3-headers ts-wrap-cell\"><h2 class=\"ts-custom-heading \" >Precyzyjna diagnoza i styl idealnie dopasowany do Ciebie<\/h2>\n<\/div><\/div><div class=\"ts-cta3-content-wrapper\"><p><strong>Przy zakupie okular\u00f3w kompleksowe badanie wzroku otrzymujesz od nas bezp\u0142atnie.<\/strong><\/p>\n<p>Tw\u00f3j wzrok w r\u0119kach do\u015bwiadczonego optometrysty.<\/p>\n<p>Um\u00f3w wizyt\u0119 tak, jak Ci wygodnie \u2013 zadzwo\u0144 do wybranego salonu lub po prostu odwied\u017a nas na miejscu.<\/p><\/div><\/div><\/div><\/div><\/section><\/div> <!-- .ts-element-heading-wrapper container --> <\/div> <!-- .ts-element-heading-wrapper container --> <div class=\"row multi-columns-row themestek-boxes-row-wrapper box-shadow-2\"><\/div><!-- .row multi-columns-row themestek-boxes-row-wrapper -->  <\/div><!-- .themestek-boxes-inner -->   <\/div><!-- .themestek-boxes -->  [\/vc_column][\/vc_row][vc_row ts_bgcolor=&#8221;grey&#8221; full_width=&#8221;stretch_row&#8221; el_id=&#8221;kontakt&#8221;][vc_column]<div class=\"themestek-box-heading-wrapper ts-element-align-left\"><div class=\"ts-element-heading-wrapper ts-heading-inner ts-element-align-left ts-seperator-none \"><section class=\"ts-vc_cta3-container\"><div class=\"ts-vc_general ts-vc_cta3 ts-cta3-only ts-vc_cta3-style-classic ts-vc_cta3-shape-rounded ts-vc_cta3-align-left ts-vc_cta3-color-transparent ts-vc_cta3-icon-size-md ts-vc_cta3-actions-no ts-cta3-without-desc\"><div class=\"ts-vc_cta3_content-container\"><div class=\"ts-vc_cta3-content\"><div class=\"ts-vc_cta3-content-header ts-wrap\"><div class=\"ts-vc_cta3-headers ts-wrap-cell\"><h2 class=\"ts-custom-heading \" >NASZE SALONY OPTYCZNE<\/h2>\n<\/div><\/div><\/div><\/div><\/div><\/section><\/div> <!-- .ts-element-heading-wrapper container --> <\/div> <!-- .ts-element-heading-wrapper container --> <div class=\"themestek-boxes-row-wrapper ts-processbox-wrapper processbox-style2\">\r\n\t\t\t\t\t\t<div class=\"ts-processbox\">\r\n\t\t\t\t\t\t\t<div class=\"ts-box-imagebox\"> \r\n\t\t\t\t\t\t\t\t\t<div class=\"ts-process-img\">\r\n\t\t\t\t\t\t\t\t\t<img loading=\"lazy\" decoding=\"async\" width=\"407\" height=\"398\" src=\"https:\/\/pryzmatoptyk.pl\/wp-content\/uploads\/2021\/08\/przymat-wysokie-mazowieckie.jpg\" class=\"attachment-full\" alt=\"\" title=\"przymat-wysokie-mazowieckie\" srcset=\"https:\/\/pryzmatoptyk.pl\/wp-content\/uploads\/2021\/08\/przymat-wysokie-mazowieckie.jpg 407w, https:\/\/pryzmatoptyk.pl\/wp-content\/uploads\/2021\/08\/przymat-wysokie-mazowieckie-300x293.jpg 300w\" sizes=\"auto, (max-width: 407px) 100vw, 407px\" data-id=\"5565\" \/>\r\n\t\t\t\t\t\t\t\t\t<div class=\"ts-process-icon-dots\"><\/div>\r\n\t\t\t\t\t\t\t\t\t<\/div>\t\t\t\t\t\t\t\t\r\n\t\t\t\t\t\t\t<\/div>\r\n\t\t\t\t\t\t\t<div class=\"ts-box-content\" >\r\n\t\t\t\t\t\t\t\t<div class=\"ts-box-title\"><h5><a href=\"https:\/\/maps.app.goo.gl\/kxEoWWPyjJzUeDfv9\"> Wysokie Mazowieckie <\/a><\/h5><\/div>\r\n\t\t\t\t\t\t\t\t<div class=\"ts-box-description\">ul. Jagiello\u0144ska 45 <br \/>\n<a href=\"tel:86 275 70 20\">tel. 86 275 70 20<\/a> <br \/>\nponiedzia\u0142ek - pi\u0105tek 9:00 - 17:00 <br \/>\nsobota 10:00 - 13:00<\/div>\r\n\t\t\t\t\t\t\t\t<span><i class=\"themifyicon ti-angle-right\"><\/i><\/span>\r\n\t\t\t\t\t\t\t<\/div>\r\n\t\t\t\t\t\t<\/div>\r\n\t\t\t\t\t\t\r\n\t\t\t\t\t\t<div class=\"ts-processbox\">\r\n\t\t\t\t\t\t\t<div class=\"ts-box-imagebox\"> \r\n\t\t\t\t\t\t\t\t\t<div class=\"ts-process-img\">\r\n\t\t\t\t\t\t\t\t\t<img loading=\"lazy\" decoding=\"async\" width=\"2560\" height=\"1440\" src=\"https:\/\/pryzmatoptyk.pl\/wp-content\/uploads\/2021\/08\/zambrow-wnetrze2-scaled.jpeg\" class=\"attachment-full\" alt=\"\" title=\"zambrow-wnetrze2\" srcset=\"https:\/\/pryzmatoptyk.pl\/wp-content\/uploads\/2021\/08\/zambrow-wnetrze2-scaled.jpeg 2560w, https:\/\/pryzmatoptyk.pl\/wp-content\/uploads\/2021\/08\/zambrow-wnetrze2-300x169.jpeg 300w, https:\/\/pryzmatoptyk.pl\/wp-content\/uploads\/2021\/08\/zambrow-wnetrze2-1024x576.jpeg 1024w, https:\/\/pryzmatoptyk.pl\/wp-content\/uploads\/2021\/08\/zambrow-wnetrze2-768x432.jpeg 768w, https:\/\/pryzmatoptyk.pl\/wp-content\/uploads\/2021\/08\/zambrow-wnetrze2-1536x864.jpeg 1536w, https:\/\/pryzmatoptyk.pl\/wp-content\/uploads\/2021\/08\/zambrow-wnetrze2-2048x1152.jpeg 2048w\" sizes=\"auto, (max-width: 2560px) 100vw, 2560px\" data-id=\"5639\" \/>\r\n\t\t\t\t\t\t\t\t\t<div class=\"ts-process-icon-dots\"><\/div>\r\n\t\t\t\t\t\t\t\t\t<\/div>\t\t\t\t\t\t\t\t\r\n\t\t\t\t\t\t\t<\/div>\r\n\t\t\t\t\t\t\t<div class=\"ts-box-content\" >\r\n\t\t\t\t\t\t\t\t<div class=\"ts-box-title\"><h5><a href=\"https:\/\/maps.app.goo.gl\/gsgAXdVQisDSgDja9\"> Zambr\u00f3w <\/a><\/h5><\/div>\r\n\t\t\t\t\t\t\t\t<div class=\"ts-box-description\">ul. Bia\u0142ostocka 17 <br \/>\n<a href=\"tel:862714700\"> tel. 86 271 47 00<\/a> <br \/>\nponiedzia\u0142ek - pi\u0105tek 9:00 - 17:00 <br \/>\nsobota 10:00 - 13:00<\/div>\r\n\t\t\t\t\t\t\t\t<span><i class=\"themifyicon ti-angle-right\"><\/i><\/span>\r\n\t\t\t\t\t\t\t<\/div>\r\n\t\t\t\t\t\t<\/div>\r\n\t\t\t\t\t\t\r\n\t\t\t\t\t\t<div class=\"ts-processbox\">\r\n\t\t\t\t\t\t\t<div class=\"ts-box-imagebox\"> \r\n\t\t\t\t\t\t\t\t\t<div class=\"ts-process-img\">\r\n\t\t\t\t\t\t\t\t\t<img loading=\"lazy\" decoding=\"async\" width=\"2560\" height=\"1440\" src=\"https:\/\/pryzmatoptyk.pl\/wp-content\/uploads\/2021\/08\/lomza-na-zewnatrz-scaled.jpeg\" class=\"attachment-full\" alt=\"\" title=\"lomza-na-zewnatrz\" srcset=\"https:\/\/pryzmatoptyk.pl\/wp-content\/uploads\/2021\/08\/lomza-na-zewnatrz-scaled.jpeg 2560w, https:\/\/pryzmatoptyk.pl\/wp-content\/uploads\/2021\/08\/lomza-na-zewnatrz-300x169.jpeg 300w, https:\/\/pryzmatoptyk.pl\/wp-content\/uploads\/2021\/08\/lomza-na-zewnatrz-1024x576.jpeg 1024w, https:\/\/pryzmatoptyk.pl\/wp-content\/uploads\/2021\/08\/lomza-na-zewnatrz-768x432.jpeg 768w, https:\/\/pryzmatoptyk.pl\/wp-content\/uploads\/2021\/08\/lomza-na-zewnatrz-1536x864.jpeg 1536w, https:\/\/pryzmatoptyk.pl\/wp-content\/uploads\/2021\/08\/lomza-na-zewnatrz-2048x1152.jpeg 2048w\" sizes=\"auto, (max-width: 2560px) 100vw, 2560px\" data-id=\"5600\" \/>\r\n\t\t\t\t\t\t\t\t\t<div class=\"ts-process-icon-dots\"><\/div>\r\n\t\t\t\t\t\t\t\t\t<\/div>\t\t\t\t\t\t\t\t\r\n\t\t\t\t\t\t\t<\/div>\r\n\t\t\t\t\t\t\t<div class=\"ts-box-content\" >\r\n\t\t\t\t\t\t\t\t<div class=\"ts-box-title\"><h5><a href=\"https:\/\/maps.app.goo.gl\/K2N2UwGq2YzbAEAC7\"> \u0141om\u017ca<\/a><\/h5><\/div>\r\n\t\t\t\t\t\t\t\t<div class=\"ts-box-description\">ul Zawadzka 52 <br\/>\n<a href=\"tel:862165890\">tel. 86 216 58 90<\/a> <br \/>\nponiedzia\u0142ek - pi\u0105tek 9:00 - 17:00 <br \/>\nsobota 10:00 - 13:00<\/div>\r\n\t\t\t\t\t\t\t\t<span><i class=\"themifyicon ti-angle-right\"><\/i><\/span>\r\n\t\t\t\t\t\t\t<\/div>\r\n\t\t\t\t\t\t<\/div>\r\n\t\t\t\t\t\t<\/div>[\/vc_column][\/vc_row][vc_row][vc_column ts_bgcolor=&#8221;white&#8221; ts_shadow=&#8221;yes&#8221;]\r\n<div class=\"ts-servicebox ts-servicebox-style-3 ts-sbox-style-3 ts-sbox-itype-icon\">\r\n\r\n\t<div class=\"ts-sbox-icon ts-large-icon ts-icon-skincolor\">\r\n\t\t<div class=\"ts-sbox-icon-wrapper\"><i class=\"fa fa-facebook-official\"><\/i><\/div>\t<\/div>\r\n\r\n\t<div class=\"ts-sbox-contents\">\r\n\t\t<div class=\"ts-vc_general ts-vc_cta3 ts-cta3-only ts-vc_cta3-style-classic ts-vc_cta3-shape-rounded ts-vc_cta3-align-left ts-vc_cta3-color-transparent ts-vc_cta3-icon-size-md ts-vc_cta3-actions-no ts-cta3-without-desc\"><div class=\"ts-vc_cta3_content-container\"><div class=\"ts-vc_cta3-content\"><div class=\"ts-vc_cta3-content-header ts-wrap\"><div class=\"ts-vc_cta3-headers ts-wrap-cell\"><h2 class=\"ts-custom-heading \"><a href=\"https:\/\/www.facebook.com\/OptykaPryzmat\/\" title=\"Facebook Optyk Wysokie Mazowieckie, Zambr\u00f3w, \u0141om\u017ca\">Znajd\u017a nas na facebook<\/a><\/h2>\n<p class=\"ts-custom-heading \"><a href=\"https:\/\/www.facebook.com\/OptykaPryzmat\/\" target=\"_blank\" title=\"Facebook Optyk Wysokie Mazowieckie, Zambr\u00f3w, \u0141om\u017ca\">https:\/\/www.facebook.com\/OptykaPryzmat\/<\/a><\/p>\n<\/div><\/div><\/div><\/div><\/div>\t<\/div><!-- .ts-sbox-contents -->\r\n\r\n<\/div>\r\n\r\n[\/vc_column][\/vc_row][vc_row ts_bgimage_position=&#8221;center_bottom&#8221; full_width=&#8221;stretch_row&#8221; content_placement=&#8221;top&#8221; css=&#8221;.vc_custom_1774563945645{margin-top: 0px !important;margin-bottom: 0px !important;padding-bottom: 250px !important;background-image: url(https:\/\/pryzmatoptyk.pl\/wp-content\/uploads\/2022\/02\/optyk-pryzmat-marki.png?id=5693) !important;background-position: center !important;background-repeat: no-repeat !important;background-size: contain !important;}&#8221; ts_responsive_css=&#8221;23835983|colbreak_no|||||||||colbreak_no|0||||||||colbreak_no|0||||||0|||colbreak_no||||||18873195|||&#8221;][vc_column ts_bgcolor=&#8221;primarydarkgrey&#8221;][\/vc_column][\/vc_row]<\/p>\n<\/section>","protected":false},"excerpt":{"rendered":"<p>[vc_row ts_bgcolor=&#8221;grey&#8221; full_width=&#8221;stretch_row&#8221; css=&#8221;.vc_custom_1524308732616{padding-top: 0px !important;padding-bottom: 30px !important;}&#8221;][vc_column][vc_row_inner ts_bgcolor=&#8221;white&#8221; equal_height=&#8221;yes&#8221; el_class=&#8221;box-shadow-2 ts-no-gutter ts-box-seprator&#8221; css=&#8221;.vc_custom_1529068966778{margin-top: -58px !important;}&#8221; ts_responsive_css=&#8221;17234251|colbreak_no|||||||||colbreak_no|||||||||colbreak_no|0|||||||||colbreak_no|||||||||&#8221;][vc_column_inner width=&#8221;1\/4&#8243;][\/vc_column_inner][vc_column_inner width=&#8221;1\/4&#8243;][\/vc_column_inner][vc_column_inner width=&#8221;1\/4&#8243;][\/vc_column_inner][vc_column_inner width=&#8221;1\/4&#8243;][\/vc_column_inner][\/vc_row_inner][\/vc_column][\/vc_row][vc_row ts_responsive_css=&#8221;24662535|colbreak_no|||||50px||||colbreak_no|||||||||colbreak_no||||||||||colbreak_no|||||||||&#8221;][vc_column][\/vc_column][\/vc_row][vc_row el_id=&#8221;oferta&#8221;][vc_column][\/vc_column][\/vc_row][vc_row ts_bgcolor=&#8221;white&#8221; full_width=&#8221;stretch_row&#8221; full_height=&#8221;yes&#8221; el_id=&#8221;badanie-wzroku&#8221; ts_responsive_css=&#8221;27634241|colbreak_no|||||50||||colbreak_no|||||||||colbreak_no||||||||||colbreak_no|||||||||&#8221;][vc_column width=&#8221;1\/4&#8243;][\/vc_column][vc_column width=&#8221;3\/4&#8243;][\/vc_column][\/vc_row][vc_row ts_bgcolor=&#8221;grey&#8221; full_width=&#8221;stretch_row&#8221; el_id=&#8221;kontakt&#8221;][vc_column][\/vc_column][\/vc_row][vc_row][vc_column ts_bgcolor=&#8221;white&#8221; ts_shadow=&#8221;yes&#8221;][\/vc_column][\/vc_row][vc_row ts_bgimage_position=&#8221;center_bottom&#8221; full_width=&#8221;stretch_row&#8221; content_placement=&#8221;top&#8221; css=&#8221;.vc_custom_1774563945645{margin-top: 0px !important;margin-bottom: 0px !important;padding-bottom: 250px !important;background-image: url(https:\/\/pryzmatoptyk.pl\/wp-content\/uploads\/2022\/02\/optyk-pryzmat-marki.png?id=5693) !important;background-position: center !important;background-repeat: no-repeat !important;background-size: contain !important;}&#8221; ts_responsive_css=&#8221;23835983|colbreak_no|||||||||colbreak_no|0||||||||colbreak_no|0||||||0|||colbreak_no||||||18873195|||&#8221;][vc_column ts_bgcolor=&#8221;primarydarkgrey&#8221;][\/vc_column][\/vc_row]<\/p>\n","protected":false},"author":1,"featured_media":0,"parent":0,"menu_order":1,"comment_status":"closed","ping_status":"closed","template":"","meta":{"footnotes":""},"class_list":["post-5262","page","type-page","status-publish","hentry"],"_links":{"self":[{"href":"https:\/\/pryzmatoptyk.pl\/index.php\/wp-json\/wp\/v2\/pages\/5262","targetHints":{"allow":["GET"]}}],"collection":[{"href":"https:\/\/pryzmatoptyk.pl\/index.php\/wp-json\/wp\/v2\/pages"}],"about":[{"href":"https:\/\/pryzmatoptyk.pl\/index.php\/wp-json\/wp\/v2\/types\/page"}],"author":[{"embeddable":true,"href":"https:\/\/pryzmatoptyk.pl\/index.php\/wp-json\/wp\/v2\/users\/1"}],"replies":[{"embeddable":true,"href":"https:\/\/pryzmatoptyk.pl\/index.php\/wp-json\/wp\/v2\/comments?post=5262"}],"version-history":[{"count":6,"href":"https:\/\/pryzmatoptyk.pl\/index.php\/wp-json\/wp\/v2\/pages\/5262\/revisions"}],"predecessor-version":[{"id":5761,"href":"https:\/\/pryzmatoptyk.pl\/index.php\/wp-json\/wp\/v2\/pages\/5262\/revisions\/5761"}],"wp:attachment":[{"href":"https:\/\/pryzmatoptyk.pl\/index.php\/wp-json\/wp\/v2\/media?parent=5262"}],"curies":[{"name":"wp","href":"https:\/\/api.w.org\/{rel}","templated":true}]}}